{"id":386,"date":"2019-12-07T22:07:19","date_gmt":"2019-12-07T21:07:19","guid":{"rendered":"https:\/\/orthtofribourg.itravix.systems\/?page_id=386"},"modified":"2026-01-11T12:01:14","modified_gmt":"2026-01-11T11:01:14","slug":"fachzahnarzt-fuer-kieferorthopaedie","status":"publish","type":"page","link":"https:\/\/www.ortho-fribourg.ch\/de\/fachzahnarzt-fuer-kieferorthopaedie\/","title":{"rendered":"Fach\u00e4rzte f\u00fcr Kieferorthop\u00e4die (CH)"},"content":{"rendered":"\n<div class=\"wp-block-group mobile-padding has-global-padding is-layout-constrained wp-container-core-group-is-layout-7cbf8257 wp-block-group-is-layout-constrained\" style=\"padding-top:var(--wp--preset--spacing--40);padding-bottom:var(--wp--preset--spacing--40)\">\n<div class=\"wp-block-columns are-vertically-aligned-bottom hasFullsizeCover is-layout-flex wp-container-core-columns-is-layout-28f84493 wp-block-columns-is-layout-flex\">\n<div class=\"wp-block-column is-vertically-aligned-bottom animate__animated animate__fadeInLeft is-layout-flow wp-block-column-is-layout-flow\" style=\"flex-basis:50%\">\n<div class=\"wp-block-group has-global-padding is-layout-constrained wp-block-group-is-layout-constrained\">\n<h1 class=\"wp-block-heading has-large-font-size\">Schweizer Fachzahnarzt f\u00fcr Kieferorthop\u00e4die mit langj\u00e4hriger Ausbildung und Erfahrung<\/h1>\n\n\n\n<div class=\"wp-block-group has-small-font-size is-vertical is-layout-flex wp-container-core-group-is-layout-fe9cc265 wp-block-group-is-layout-flex\">\n<p>Nach dem&nbsp;<strong>Bestehen des Staatsexamens und erlangen des Doktortitels in Zahnmedizin<\/strong>&nbsp;sind angehende <strong>Fachzahn\u00e4rzte in Kieferorthop\u00e4die CH<\/strong> mindestens ein Jahr als allgemein praktizierende Zahn\u00e4rzte an Universit\u00e4tskliniken, Schulzahnkliniken oder in Zahnarztpraxen t\u00e4tig.<\/p>\n\n\n\n<p>Anschliessend durchlaufen sie an einer der vier schweizerischen zahnmedizinischen&nbsp;<strong>Universit\u00e4tskliniken eine drei- bis vierj\u00e4hrige strukturierte und kontrollierte klinische und wissenschaftliche Ausbildung in Kieferorthop\u00e4die<\/strong>.<\/p>\n\n\n\n<p>Ausserdem haben sie einer von der schweizerischen Zahn\u00e4rztegesellschaft berufenen&nbsp;<strong>Fachkommission<\/strong>&nbsp;selbst behandelte, voll dokumentierte F\u00e4lle vorzulegen, sowie eine&nbsp;<strong>praktische und theoretische Pr\u00fcfung zu bestehen<\/strong>.<\/p>\n\n\n\n<p>In den <strong>Staaten der EU k\u00f6nnen die Ausbildungsanforderungen zeitlich und inhaltlich variieren<\/strong>. Teilweise werden auf <strong>Wochenendkursen basierte Masterprogramme<\/strong> angeboten, welche mit der Fachzahnarztausbildung nicht vergleichbar sind. Weitere Details finden Sie unter&nbsp;<a href=\"http:\/\/www.swissortho.ch\" target=\"_blank\" rel=\"noreferrer noopener\">www.swissortho.ch<\/a><\/p>\n<\/div>\n<\/div>\n<\/div>\n\n\n\n<div class=\"wp-block-column is-vertically-aligned-bottom fullsizeCover animate__animated animate__fadeInRight is-layout-flow wp-block-column-is-layout-flow\" style=\"flex-basis:50%\">\n<div class=\"wp-block-group fullsizeCoverContent is-layout-flow wp-block-group-is-layout-flow has-background\" style=\"border-top-left-radius:4rem;border-top-right-radius:4rem;border-bottom-left-radius:0rem;border-bottom-right-radius:0rem;background-image:url(&apos;https:\/\/www.ortho-fribourg.ch\/wp-content\/uploads\/2024\/06\/FA-Diplom.webp&apos;);background-position:50% 25%;background-size:cover;\"><\/div>\n<\/div>\n<\/div>\n<\/div>\n","protected":false},"excerpt":{"rendered":"<p>Schweizer Fachzahnarzt f\u00fcr Kieferorthop\u00e4die mit langj\u00e4hriger Ausbildung und Erfahrung Nach dem&nbsp;Bestehen des Staatsexamens und erlangen des Doktortitels in Zahnmedizin&nbsp;sind angehende Fachzahn\u00e4rzte in Kieferorthop\u00e4die CH mindestens ein Jahr als allgemein praktizierende Zahn\u00e4rzte an Universit\u00e4tskliniken, Schulzahnkliniken oder in Zahnarztpraxen t\u00e4tig. Anschliessend durchlaufen sie an einer der vier schweizerischen zahnmedizinischen&nbsp;Universit\u00e4tskliniken eine drei- bis vierj\u00e4hrige strukturierte und kontrollierte klinische [&hellip;]<\/p>\n","protected":false},"author":1,"featured_media":0,"parent":0,"menu_order":6,"comment_status":"closed","ping_status":"closed","template":"","meta":{"footnotes":""},"class_list":["post-386","page","type-page","status-publish","hentry"],"yoast_head":"<!-- This site is optimized with the Yoast SEO plugin v27.4 - https:\/\/yoast.com\/product\/yoast-seo-wordpress\/ -->\n<title>Fach\u00e4rzte f\u00fcr Kieferorthop\u00e4die (CH) - ORTHO FRIBOURG<\/title>\n<meta name=\"description\" content=\"Nach dem erlangen des Doktortitels in Zahnmedizin sind Fachzahn\u00e4rzte in Kieferorthop\u00e4die mindestens ein Jahr als allgemein praktizierende Zahn\u00e4rzte t\u00e4tig.\" \/>\n<meta name=\"robots\" content=\"index, follow, max-snippet:-1, max-image-preview:large, max-video-preview:-1\" \/>\n<link rel=\"canonical\" href=\"https:\/\/www.ortho-fribourg.ch\/de\/fachzahnarzt-fuer-kieferorthopaedie\/\" \/>\n<meta property=\"og:locale\" content=\"de_DE\" \/>\n<meta property=\"og:type\" content=\"article\" \/>\n<meta property=\"og:title\" content=\"Fach\u00e4rzte f\u00fcr Kieferorthop\u00e4die (CH) - ORTHO FRIBOURG\" \/>\n<meta property=\"og:description\" content=\"Nach dem erlangen des Doktortitels in Zahnmedizin sind Fachzahn\u00e4rzte in Kieferorthop\u00e4die mindestens ein Jahr als allgemein praktizierende Zahn\u00e4rzte t\u00e4tig.\" \/>\n<meta property=\"og:url\" content=\"https:\/\/www.ortho-fribourg.ch\/de\/fachzahnarzt-fuer-kieferorthopaedie\/\" \/>\n<meta property=\"og:site_name\" content=\"ORTHO FRIBOURG\" \/>\n<meta property=\"article:modified_time\" content=\"2026-01-11T11:01:14+00:00\" \/>\n<meta name=\"twitter:card\" content=\"summary_large_image\" \/>\n<meta name=\"twitter:label1\" content=\"Gesch\u00e4tzte Lesezeit\" \/>\n\t<meta name=\"twitter:data1\" content=\"1\u00a0Minute\" \/>\n<script type=\"application\/ld+json\" class=\"yoast-schema-graph\">{\"@context\":\"https:\\\/\\\/schema.org\",\"@graph\":[{\"@type\":\"WebPage\",\"@id\":\"https:\\\/\\\/www.ortho-fribourg.ch\\\/de\\\/fachzahnarzt-fuer-kieferorthopaedie\\\/\",\"url\":\"https:\\\/\\\/www.ortho-fribourg.ch\\\/de\\\/fachzahnarzt-fuer-kieferorthopaedie\\\/\",\"name\":\"Fach\u00e4rzte f\u00fcr Kieferorthop\u00e4die (CH) - ORTHO FRIBOURG\",\"isPartOf\":{\"@id\":\"https:\\\/\\\/www.ortho-fribourg.ch\\\/de\\\/#website\"},\"datePublished\":\"2019-12-07T21:07:19+00:00\",\"dateModified\":\"2026-01-11T11:01:14+00:00\",\"description\":\"Nach dem erlangen des Doktortitels in Zahnmedizin sind Fachzahn\u00e4rzte in Kieferorthop\u00e4die mindestens ein Jahr als allgemein praktizierende Zahn\u00e4rzte t\u00e4tig.\",\"breadcrumb\":{\"@id\":\"https:\\\/\\\/www.ortho-fribourg.ch\\\/de\\\/fachzahnarzt-fuer-kieferorthopaedie\\\/#breadcrumb\"},\"inLanguage\":\"de\",\"potentialAction\":[{\"@type\":\"ReadAction\",\"target\":[\"https:\\\/\\\/www.ortho-fribourg.ch\\\/de\\\/fachzahnarzt-fuer-kieferorthopaedie\\\/\"]}]},{\"@type\":\"BreadcrumbList\",\"@id\":\"https:\\\/\\\/www.ortho-fribourg.ch\\\/de\\\/fachzahnarzt-fuer-kieferorthopaedie\\\/#breadcrumb\",\"itemListElement\":[{\"@type\":\"ListItem\",\"position\":1,\"name\":\"Startseite\",\"item\":\"https:\\\/\\\/www.ortho-fribourg.ch\\\/de\\\/\"},{\"@type\":\"ListItem\",\"position\":2,\"name\":\"Fach\u00e4rzte f\u00fcr Kieferorthop\u00e4die (CH)\"}]},{\"@type\":\"WebSite\",\"@id\":\"https:\\\/\\\/www.ortho-fribourg.ch\\\/de\\\/#website\",\"url\":\"https:\\\/\\\/www.ortho-fribourg.ch\\\/de\\\/\",\"name\":\"ORTHO FRIBOURG\",\"description\":\"Facharztpraxis f\u00fcr Kieferorthop\u00e4die\",\"publisher\":{\"@id\":\"https:\\\/\\\/www.ortho-fribourg.ch\\\/de\\\/#organization\"},\"potentialAction\":[{\"@type\":\"SearchAction\",\"target\":{\"@type\":\"EntryPoint\",\"urlTemplate\":\"https:\\\/\\\/www.ortho-fribourg.ch\\\/de\\\/?s={search_term_string}\"},\"query-input\":{\"@type\":\"PropertyValueSpecification\",\"valueRequired\":true,\"valueName\":\"search_term_string\"}}],\"inLanguage\":\"de\"},{\"@type\":\"Organization\",\"@id\":\"https:\\\/\\\/www.ortho-fribourg.ch\\\/de\\\/#organization\",\"name\":\"ORTHO FRIBOURG\",\"url\":\"https:\\\/\\\/www.ortho-fribourg.ch\\\/de\\\/\",\"logo\":{\"@type\":\"ImageObject\",\"inLanguage\":\"de\",\"@id\":\"https:\\\/\\\/www.ortho-fribourg.ch\\\/de\\\/#\\\/schema\\\/logo\\\/image\\\/\",\"url\":\"https:\\\/\\\/www.ortho-fribourg.ch\\\/wp-content\\\/uploads\\\/2024\\\/04\\\/logo-ortho-spiegl.svg\",\"contentUrl\":\"https:\\\/\\\/www.ortho-fribourg.ch\\\/wp-content\\\/uploads\\\/2024\\\/04\\\/logo-ortho-spiegl.svg\",\"caption\":\"ORTHO FRIBOURG\"},\"image\":{\"@id\":\"https:\\\/\\\/www.ortho-fribourg.ch\\\/de\\\/#\\\/schema\\\/logo\\\/image\\\/\"}}]}<\/script>\n<!-- \/ Yoast SEO plugin. -->","yoast_head_json":{"title":"Fach\u00e4rzte f\u00fcr Kieferorthop\u00e4die (CH) - ORTHO FRIBOURG","description":"Nach dem erlangen des Doktortitels in Zahnmedizin sind Fachzahn\u00e4rzte in Kieferorthop\u00e4die mindestens ein Jahr als allgemein praktizierende Zahn\u00e4rzte t\u00e4tig.","robots":{"index":"index","follow":"follow","max-snippet":"max-snippet:-1","max-image-preview":"max-image-preview:large","max-video-preview":"max-video-preview:-1"},"canonical":"https:\/\/www.ortho-fribourg.ch\/de\/fachzahnarzt-fuer-kieferorthopaedie\/","og_locale":"de_DE","og_type":"article","og_title":"Fach\u00e4rzte f\u00fcr Kieferorthop\u00e4die (CH) - ORTHO FRIBOURG","og_description":"Nach dem erlangen des Doktortitels in Zahnmedizin sind Fachzahn\u00e4rzte in Kieferorthop\u00e4die mindestens ein Jahr als allgemein praktizierende Zahn\u00e4rzte t\u00e4tig.","og_url":"https:\/\/www.ortho-fribourg.ch\/de\/fachzahnarzt-fuer-kieferorthopaedie\/","og_site_name":"ORTHO FRIBOURG","article_modified_time":"2026-01-11T11:01:14+00:00","twitter_card":"summary_large_image","twitter_misc":{"Gesch\u00e4tzte Lesezeit":"1\u00a0Minute"},"schema":{"@context":"https:\/\/schema.org","@graph":[{"@type":"WebPage","@id":"https:\/\/www.ortho-fribourg.ch\/de\/fachzahnarzt-fuer-kieferorthopaedie\/","url":"https:\/\/www.ortho-fribourg.ch\/de\/fachzahnarzt-fuer-kieferorthopaedie\/","name":"Fach\u00e4rzte f\u00fcr Kieferorthop\u00e4die (CH) - ORTHO FRIBOURG","isPartOf":{"@id":"https:\/\/www.ortho-fribourg.ch\/de\/#website"},"datePublished":"2019-12-07T21:07:19+00:00","dateModified":"2026-01-11T11:01:14+00:00","description":"Nach dem erlangen des Doktortitels in Zahnmedizin sind Fachzahn\u00e4rzte in Kieferorthop\u00e4die mindestens ein Jahr als allgemein praktizierende Zahn\u00e4rzte t\u00e4tig.","breadcrumb":{"@id":"https:\/\/www.ortho-fribourg.ch\/de\/fachzahnarzt-fuer-kieferorthopaedie\/#breadcrumb"},"inLanguage":"de","potentialAction":[{"@type":"ReadAction","target":["https:\/\/www.ortho-fribourg.ch\/de\/fachzahnarzt-fuer-kieferorthopaedie\/"]}]},{"@type":"BreadcrumbList","@id":"https:\/\/www.ortho-fribourg.ch\/de\/fachzahnarzt-fuer-kieferorthopaedie\/#breadcrumb","itemListElement":[{"@type":"ListItem","position":1,"name":"Startseite","item":"https:\/\/www.ortho-fribourg.ch\/de\/"},{"@type":"ListItem","position":2,"name":"Fach\u00e4rzte f\u00fcr Kieferorthop\u00e4die (CH)"}]},{"@type":"WebSite","@id":"https:\/\/www.ortho-fribourg.ch\/de\/#website","url":"https:\/\/www.ortho-fribourg.ch\/de\/","name":"ORTHO FRIBOURG","description":"Facharztpraxis f\u00fcr Kieferorthop\u00e4die","publisher":{"@id":"https:\/\/www.ortho-fribourg.ch\/de\/#organization"},"potentialAction":[{"@type":"SearchAction","target":{"@type":"EntryPoint","urlTemplate":"https:\/\/www.ortho-fribourg.ch\/de\/?s={search_term_string}"},"query-input":{"@type":"PropertyValueSpecification","valueRequired":true,"valueName":"search_term_string"}}],"inLanguage":"de"},{"@type":"Organization","@id":"https:\/\/www.ortho-fribourg.ch\/de\/#organization","name":"ORTHO FRIBOURG","url":"https:\/\/www.ortho-fribourg.ch\/de\/","logo":{"@type":"ImageObject","inLanguage":"de","@id":"https:\/\/www.ortho-fribourg.ch\/de\/#\/schema\/logo\/image\/","url":"https:\/\/www.ortho-fribourg.ch\/wp-content\/uploads\/2024\/04\/logo-ortho-spiegl.svg","contentUrl":"https:\/\/www.ortho-fribourg.ch\/wp-content\/uploads\/2024\/04\/logo-ortho-spiegl.svg","caption":"ORTHO FRIBOURG"},"image":{"@id":"https:\/\/www.ortho-fribourg.ch\/de\/#\/schema\/logo\/image\/"}}]}},"_links":{"self":[{"href":"https:\/\/www.ortho-fribourg.ch\/de\/wp-json\/wp\/v2\/pages\/386","targetHints":{"allow":["GET"]}}],"collection":[{"href":"https:\/\/www.ortho-fribourg.ch\/de\/wp-json\/wp\/v2\/pages"}],"about":[{"href":"https:\/\/www.ortho-fribourg.ch\/de\/wp-json\/wp\/v2\/types\/page"}],"author":[{"embeddable":true,"href":"https:\/\/www.ortho-fribourg.ch\/de\/wp-json\/wp\/v2\/users\/1"}],"replies":[{"embeddable":true,"href":"https:\/\/www.ortho-fribourg.ch\/de\/wp-json\/wp\/v2\/comments?post=386"}],"version-history":[{"count":119,"href":"https:\/\/www.ortho-fribourg.ch\/de\/wp-json\/wp\/v2\/pages\/386\/revisions"}],"predecessor-version":[{"id":5930,"href":"https:\/\/www.ortho-fribourg.ch\/de\/wp-json\/wp\/v2\/pages\/386\/revisions\/5930"}],"wp:attachment":[{"href":"https:\/\/www.ortho-fribourg.ch\/de\/wp-json\/wp\/v2\/media?parent=386"}],"curies":[{"name":"wp","href":"https:\/\/api.w.org\/{rel}","templated":true}]}}